{"id":572,"date":"2012-01-03T12:33:28","date_gmt":"2012-01-03T12:33:28","guid":{"rendered":"http:\/\/www.carmenmariysuacordeon.es\/?page_id=572"},"modified":"2015-09-10T10:23:18","modified_gmt":"2015-09-10T10:23:18","slug":"curiosidades","status":"publish","type":"page","link":"https:\/\/www.carmenmariysuacordeon.es\/?page_id=572","title":{"rendered":"Anecdotas"},"content":{"rendered":"<p><span style=\"color: #000000;\">Una de ellas sucedi\u00f3 en el pueblo de Sen\u00e9s. Aqu\u00ed llevo actuando aproximadamente dieciocho a\u00f1os y una tarde siendo las fiestas patronales llegu\u00e9 como de costumbre por la tarde para montar y me extra\u00f1\u00f3 mucho el no ver a la gente joven en la plaza o por los alrededores, cuando siempre estaban por all\u00ed. Al rato, cuando termin\u00e9 de montar nos fuimos al bar de Carmita para cenar algo y segu\u00eda sin ver a ninguno de los colegas.<\/span><\/p>\n<p><span style=\"color: #000000;\">Cuando llega la hora de actuar, la plaza est\u00e1 llena, pero la gente no baila (cuando siempre lo hacen en la primera canci\u00f3n). Yo notaba algo extra\u00f1o pero no sab\u00eda que pasaba, cuando se me acerca la mujer del alcalde y me dice: Carmen Mari, \u00a1toca el Chacach\u00e1 del tren! Y yo pens\u00e9, esto es lo que me faltaba ahora, encima que no baila nadie ahora el Chacach\u00e1 y de pronto al sonar las primeras notas musicales de la canci\u00f3n, apareci\u00f3 por la calle principal que va a la plaza un \u201cTREN HUMANO\u201d formado por toda la gente joven que yo estaba echando de menos, y cual fue mi sorpresa, cuando vi que todos llevaban puesta una camiseta con mi foto (la de los carteles) en el pecho que dec\u00eda \u201cI LOVE CARMEN MARI\u201d. No os pod\u00e9is ni imaginar la emoci\u00f3n que sent\u00ed en ese momento, ni pude terminar de tocar la canci\u00f3n, entonces se subieron al escenario e hicieron que me pusiera una camiseta igual que la de ellos, yo no pude contener las l\u00e1grimas.<\/span><\/p>\n<p><span style=\"color: #000000;\">En el descanso, me hicieron firmar todas las camisetas. Esa noche no la olvidar\u00e9 jam\u00e1s.<\/span><\/p>\n<p><span style=\"color: #000000;\">Un beso muy fuerte para mi gente de Sen\u00e9s.<\/span><\/p>\n<p><a href=\"http:\/\/www.carmenmariysuacordeon.es\/wp-content\/uploads\/Senes.jpg\"><img loading=\"lazy\" decoding=\"async\" class=\"aligncenter size-full wp-image-928\" title=\"Senes\" src=\"http:\/\/www.carmenmariysuacordeon.es\/wp-content\/uploads\/Senes.jpg\" alt=\"\" width=\"300\" height=\"225\" \/><\/a><\/p>\n<p><span style=\"color: #000000;\">Otra an\u00e9cdota sucedi\u00f3 en Melicena, un lugar sin duda precioso en la costa de Granada. Era la primera vez que actuaba all\u00ed, el escenario estaba situado en el paseo mar\u00edtimo y justamente detr\u00e1s una roca bastante grande iluminada, era el pe\u00f1\u00f3n de San Patricio, no nos hac\u00eda falta ning\u00fan tel\u00f3n porque desmerec\u00edamos el paisaje. Bueno pues a lo que voy. Llegu\u00e9 por la tarde como de costumbre, y me encuentro a la comisi\u00f3n de fiestas esper\u00e1ndome muy preocupados por lo que hab\u00eda sucedido. Hab\u00eda llegado la orquesta\u2026\u2026\u2026.. (no pondr\u00e9 su nombre) para actuar esa noche conmigo, y al llegar y ver el escenario (que estaba un poco inclinado hacia la izquierda) se negaron a actuar y se fueron dejando a este pueblo un S\u00e1bado por la noche en pleno Agosto sin orquesta (una marranada), dej\u00e1ndome a m\u00ed sola ante la situaci\u00f3n (ning\u00fan problema para m\u00ed).<\/span><\/p>\n<p><span style=\"color: #000000;\">La comisi\u00f3n me pregunt\u00f3 si yo tambi\u00e9n me iba a ir, a lo cual le contest\u00e9 que de ninguna manera, yo no necesitaba a nadie para poder sacar la noche adelante, me bastaba conmigo misma. Ellos no me dijeron nada pero lo dudaban (porque no me conoc\u00edan).<\/span><\/p>\n<p><span style=\"color: #000000;\">Empez\u00f3 la verbena y yo a lo m\u00edo, la gente no echo de menos a la orquesta y es m\u00e1s, estuvieron bailando desde la primera canci\u00f3n hasta la \u00faltima que fu\u00e9 a eso de las siete de la ma\u00f1ana. En el primer descanso, Jose Antonio, que era el alcalde ped\u00e1neo, me pidi\u00f3 un micro y p\u00fablicamente me dio las gracias por salvar la situaci\u00f3n y pidi\u00f3 un fuerte aplauso para m\u00ed, desde entonces voy todos los a\u00f1os en Agosto menos este a\u00f1o 2008 porque he sido madre a finales de Junio y ha sido imposible ir, aunque espero seguir actuando muchos a\u00f1os en ese magn\u00edfico entorno.<\/span><\/p>\n<p><span style=\"color: #000000;\">Un fuerte abrazo a toda la gente de Melicena.<\/span><\/p>\n<p><span style=\"color: #000000;\"><a href=\"http:\/\/www.carmenmariysuacordeon.es\/wp-content\/uploads\/Melicena.png\"><img loading=\"lazy\" decoding=\"async\" class=\"aligncenter size-full wp-image-932\" title=\"Melicena\" src=\"http:\/\/www.carmenmariysuacordeon.es\/wp-content\/uploads\/Melicena.png\" alt=\"\" width=\"259\" height=\"194\" \/><\/a><\/span><\/p>\n<p>&nbsp;<\/p>\n<p><span style=\"color: #000000;\">Mi agradecimiento mas sincero a todos los que me habeis acompa\u00f1ado durante todos estos a\u00f1os, haciendo mi trabajo mas alegre y agradable<\/span><\/p>\n<p><span style=\"color: #000000;\">Para todos y como se diria en el mundo taurino &#8230;&#8230;&#8230;&#8230;&#8230;&#8230;&#8230;&#8230;.<\/span><\/p>\n<p><span style=\"color: #000000;\">\u00a1VA POR USTEDES!<\/span><\/p>\n<p><span style=\"color: #000000;\">AULAGO<\/span><\/p>\n<p><span style=\"color: #000000;\">ALHAMA<\/span><\/p>\n<p><span style=\"color: #000000;\">ALFORNON<\/span><\/p>\n<p><span style=\"color: #000000;\">ALBOLODUY<\/span><\/p>\n<p><span style=\"color: #000000;\">ALBU\u00d1AN<\/span><\/p>\n<p><span style=\"color: #000000;\">ANTAS (Restaurante Frandi)<\/span><\/p>\n<p><span style=\"color: #000000;\">ALFAIX<\/span><\/p>\n<p><span style=\"color: #000000;\">ALQUIFE<\/span><\/p>\n<p><span style=\"color: #000000;\">ATOCHARES<\/span><\/p>\n<p><span style=\"color: #000000;\">BENAHADUX<\/span><\/p>\n<p><span style=\"color: #000000;\">CABO DE GATA<\/span><\/p>\n<p><span style=\"color: #000000;\">CANTORIA<\/span><\/p>\n<p><span style=\"color: #000000;\">COGOLLOS DE GUADIX<\/span><\/p>\n<p><span style=\"color: #000000;\">EL GOLCO<\/span><\/p>\n<p><span style=\"color: #000000;\">EL POCICO<\/span><\/p>\n<p><span style=\"color: #000000;\">EL VISO<\/span><\/p>\n<p><span style=\"color: #000000;\">FERIA DE ALMERIA<\/span><\/p>\n<p><span style=\"color: #000000;\">FERREIRA<\/span><\/p>\n<p><span style=\"color: #000000;\">FUENTE VICTORIA<\/span><\/p>\n<p><span style=\"color: #000000;\">FREGENITE<\/span><\/p>\n<p><span style=\"color: #000000;\">FONELAS<\/span><\/p>\n<p><span style=\"color: #000000;\">FUENTESANTA<\/span><\/p>\n<p><span style=\"color: #000000;\">FUENSANTA<\/span><\/p>\n<p><span style=\"color: #000000;\">GAFARILLOS<\/span><\/p>\n<p><span style=\"color: #000000;\">GUADIX<\/span><\/p>\n<p><span style=\"color: #000000;\">LA MELA<\/span><\/p>\n<p><span style=\"color: #000000;\">HUERCAL DE ALMERIA (Barrio Del Potro)<\/span><\/p>\n<p><span style=\"color: #000000;\">LUBRIN<\/span><\/p>\n<p><span style=\"color: #000000;\">HUERCAL DE ALMERIA (Barrio Las Zorreras)<\/span><\/p>\n<p><span style=\"color: #000000;\">LAS ANEAS<\/span><\/p>\n<p><span style=\"color: #000000;\">HUERCAL DE ALMERIA (Plaza del Pueblo)<\/span><\/p>\n<p><span style=\"color: #000000;\">LAS ALCUBILLAS<\/span><\/p>\n<p><span style=\"color: #000000;\">HUERCAL OVERA (Restaurante Las Vegas)<\/span><\/p>\n<p><span style=\"color: #000000;\">LOS CARLOS<\/span><\/p>\n<p><span style=\"color: #000000;\">LOS GRILLOS<\/span><\/p>\n<p><span style=\"color: #000000;\">LIJAR<\/span><\/p>\n<p><span style=\"color: #000000;\">LOS ALBARICOQUES<\/span><\/p>\n<p><span style=\"color: #000000;\">LOS CORELLAS<\/span><\/p>\n<p><span style=\"color: #000000;\">MATAGORDA<\/span><\/p>\n<p><span style=\"color: #000000;\">MELICENA<\/span><\/p>\n<p><span style=\"color: #000000;\">MOREDA<\/span><\/p>\n<p><span style=\"color: #000000;\">MOTRIL<\/span><\/p>\n<p><span style=\"color: #000000;\">NOTAEZ<\/span><\/p>\n<p><span style=\"color: #000000;\">OL\u00cdAS<\/span><\/p>\n<p><span style=\"color: #000000;\">OLULA DE CASTRO<\/span><\/p>\n<p><span style=\"color: #000000;\">PICENA<\/span><\/p>\n<p><span style=\"color: #000000;\">PUEBLO BLANCO<\/span><\/p>\n<p><span style=\"color: #000000;\">RIO CHICO<\/span><\/p>\n<p><span style=\"color: #000000;\">SANTO PETAR<\/span><\/p>\n<p><span style=\"color: #000000;\">SANTA FE<\/span><\/p>\n<p><span style=\"color: #000000;\">SORBAS<\/span><\/p>\n<p><span style=\"color: #000000;\">SENES<\/span><\/p>\n<p><span style=\"color: #000000;\">SAN ISIDRO<\/span><\/p>\n<p><span style=\"color: #000000;\">UGIJAR<\/span><\/p>\n<p><span style=\"color: #000000;\">TABERNAS<\/span><\/p>\n<p><span style=\"color: #000000;\">TARIFA<\/span><\/p>\n<p><span style=\"color: #000000;\">TIJOLA<\/span><\/p>\n<p><span style=\"color: #000000;\">TREVELEZ<\/span><\/p>\n<p><span style=\"color: #000000;\">VELEZ RUBIO<\/span><\/p>\n<p><span style=\"color: #000000;\">VENTA GASPAR (Almeria)<\/span><\/p>\n<p><span style=\"color: #000000;\">VELEFIQUE<\/span><\/p>\n<p><span style=\"color: #000000;\">YEGEN<\/span><\/p>\n<p><span style=\"color: #000000;\">Y MUCHAS MAS \u2026\u2026\u2026\u2026\u2026\u2026.<\/span><\/p>\n<p>&nbsp;<\/p>\n<h3><\/h3>\n<p>&nbsp;<\/p>\n<h3><\/h3>\n<p>&nbsp;<\/p>\n<p>&nbsp;<\/p>\n<p>&nbsp;<\/p>\n","protected":false},"excerpt":{"rendered":"<p>Una de ellas sucedi\u00f3 en el pueblo de Sen\u00e9s. Aqu\u00ed llevo actuando aproximadamente dieciocho a\u00f1os y una tarde siendo las fiestas patronales llegu\u00e9 como de costumbre por la tarde para montar y me extra\u00f1\u00f3 mucho el no ver a la gente joven en la plaza o por los alrededores, cuando siempre estaban por all\u00ed. Al [&hellip;]<\/p>\n","protected":false},"author":1,"featured_media":0,"parent":0,"menu_order":5,"comment_status":"closed","ping_status":"closed","template":"","meta":{"footnotes":""},"class_list":["post-572","page","type-page","status-publish","hentry"],"_links":{"self":[{"href":"https:\/\/www.carmenmariysuacordeon.es\/index.php?rest_route=\/wp\/v2\/pages\/572","targetHints":{"allow":["GET"]}}],"collection":[{"href":"https:\/\/www.carmenmariysuacordeon.es\/index.php?rest_route=\/wp\/v2\/pages"}],"about":[{"href":"https:\/\/www.carmenmariysuacordeon.es\/index.php?rest_route=\/wp\/v2\/types\/page"}],"author":[{"embeddable":true,"href":"https:\/\/www.carmenmariysuacordeon.es\/index.php?rest_route=\/wp\/v2\/users\/1"}],"replies":[{"embeddable":true,"href":"https:\/\/www.carmenmariysuacordeon.es\/index.php?rest_route=%2Fwp%2Fv2%2Fcomments&post=572"}],"version-history":[{"count":21,"href":"https:\/\/www.carmenmariysuacordeon.es\/index.php?rest_route=\/wp\/v2\/pages\/572\/revisions"}],"predecessor-version":[{"id":644,"href":"https:\/\/www.carmenmariysuacordeon.es\/index.php?rest_route=\/wp\/v2\/pages\/572\/revisions\/644"}],"wp:attachment":[{"href":"https:\/\/www.carmenmariysuacordeon.es\/index.php?rest_route=%2Fwp%2Fv2%2Fmedia&parent=572"}],"curies":[{"name":"wp","href":"https:\/\/api.w.org\/{rel}","templated":true}]}}