{"id":586,"date":"2018-01-01T10:40:18","date_gmt":"2018-01-01T10:40:18","guid":{"rendered":"http:\/\/www.carmenmariysuacordeon.es\/?page_id=586"},"modified":"2020-03-05T17:47:45","modified_gmt":"2020-03-05T17:47:45","slug":"datos-tecnicos","status":"publish","type":"page","link":"https:\/\/www.carmenmariysuacordeon.es\/?page_id=586","title":{"rendered":"Datos T\u00e9cnicos"},"content":{"rendered":"<p style=\"text-align: center;\"><span style=\"text-decoration: underline;\"><span style=\"color: #0000ff;\">NUEVO MONTAJE<\/span><\/span><\/p>\n<p style=\"text-align: center;\"><a href=\"http:\/\/www.carmenmariysuacordeon.es\/?attachment_id=1983\" rel=\"attachment wp-att-1983\"><img loading=\"lazy\" decoding=\"async\" class=\"aligncenter size-medium wp-image-1983\" src=\"http:\/\/www.carmenmariysuacordeon.es\/wp-content\/uploads\/Nuevo-escenario-2-300x225.jpg\" alt=\"\" width=\"300\" height=\"225\" srcset=\"https:\/\/www.carmenmariysuacordeon.es\/wp-content\/uploads\/Nuevo-escenario-2-300x225.jpg 300w, https:\/\/www.carmenmariysuacordeon.es\/wp-content\/uploads\/Nuevo-escenario-2-768x576.jpg 768w, https:\/\/www.carmenmariysuacordeon.es\/wp-content\/uploads\/Nuevo-escenario-2.jpg 1024w\" sizes=\"auto, (max-width: 300px) 100vw, 300px\" \/><\/a><\/p>\n<p style=\"text-align: left;\">\u00a0<span style=\"color: #0000ff; text-decoration: underline;\">COMPONENTES 2 PERSONAS<\/span><\/p>\n<p><span style=\"color: #000000;\">1 Musico \/ Vocalista (Carmen Mari)<\/span><\/p>\n<p><span style=\"color: #000000;\">1\u00a0T\u00e9cnico \/ Montador \/Iluminaci\u00f3n<\/span><\/p>\n<p><span style=\"color: #0000ff; text-decoration: underline;\"><span style=\"color: #000000; text-decoration: underline;\"><span style=\"color: #0000ff; text-decoration: underline;\"><span style=\"color: #0000ff; text-decoration: underline;\"><img decoding=\"async\" class=\"ngg_displayed_gallery mceItem alignright\" src=\"http:\/\/www.carmenmariysuacordeon.es\/index.php\/nextgen-attach_to_post\/preview\/id--1538\" alt=\"\" \/><\/span><\/span><\/span><\/span><\/p>\n<p><span style=\"color: #0000ff; text-decoration: underline;\">\u00a0<\/span><\/p>\n<p><span style=\"color: #0000ff; text-decoration: underline;\">SONIDO E ILUMINACI\u00d3N<\/span><\/p>\n<p><span style=\"color: #000000;\">6.000 w sonido Digital Space<\/span><\/p>\n<p><span style=\"color: #000000;\">Cabezas M\u00f3viles tecnolog\u00eda LED\u00a0<\/span><\/p>\n<p><span style=\"color: #000000;\">Iluminaci\u00f3n LED de alto rendimiento<\/span><\/p>\n<p><span style=\"color: #000000;\">Scaner de seguimiento<\/span><\/p>\n<p><span style=\"color: #000000;\">Efectos especiales<\/span><\/p>\n<p><span style=\"color: #000000;\">Maquina de Humo<\/span><\/p>\n<p><span style=\"color: #000000;\">Puente Trasero y torres para la iluminaci\u00f3n delantera, etc.<\/span><\/p>\n<p><span style=\"color: #0000ff; text-decoration: underline;\">\u00a0ACTUACI\u00d3N<\/span><\/p>\n<p><span style=\"color: #000000;\">Pases de\u00a02,5 horas y descansos de 20 minutos <\/span><\/p>\n<p><span style=\"color: #000000;\">Tambien podemos hacer pases intercalados con otras actuaciones como Orquestas, Trios, Etc. <\/span><\/p>\n<p><span style=\"color: #000000;\">Hago bailar a mayores, jovenes y ni\u00f1os. <\/span><\/p>\n<p><span style=\"color: #000000;\">Y lo mas importante os hare participar de la actuaci\u00f3n para que sea amena y divertida.<br \/>\n<\/span><\/p>\n<p><span style=\"color: #0000ff; text-decoration: underline;\">VEHICULO UTILIZADO<a href=\"http:\/\/www.carmenmariysuacordeon.es\/wp-content\/uploads\/IMG_0335.jpg\"><img loading=\"lazy\" decoding=\"async\" class=\"size-medium wp-image-922 alignright\" title=\"IMG_0335\" src=\"http:\/\/www.carmenmariysuacordeon.es\/wp-content\/uploads\/IMG_0335-300x224.jpg\" alt=\"\" width=\"300\" height=\"224\" srcset=\"https:\/\/www.carmenmariysuacordeon.es\/wp-content\/uploads\/IMG_0335-300x224.jpg 300w, https:\/\/www.carmenmariysuacordeon.es\/wp-content\/uploads\/IMG_0335-1024x764.jpg 1024w\" sizes=\"auto, (max-width: 300px) 100vw, 300px\" \/><\/a><\/span><\/p>\n<p><span style=\"color: #000000;\">\u00a0Furgoneta\u00a0 Volkswagen Transporter<br \/>\n<\/span><\/p>\n<p><span style=\"color: #0000ff; text-decoration: underline;\">CUADRO ELECTRICO SOLICITADO<\/span><\/p>\n<p><span style=\"color: #000000;\">Toma de corriente tres fases y neutro.<\/span><\/p>\n<p><span style=\"color: #000000;\">Protecci\u00f3n toma de tierra.<\/span><\/p>\n<p><span style=\"color: #000000;\">Diferencial y magnetotermico.<\/span><\/p>\n","protected":false},"excerpt":{"rendered":"<p>NUEVO MONTAJE \u00a0COMPONENTES 2 PERSONAS 1 Musico \/ Vocalista (Carmen Mari) 1\u00a0T\u00e9cnico \/ Montador \/Iluminaci\u00f3n \u00a0 SONIDO E ILUMINACI\u00d3N 6.000 w sonido Digital Space Cabezas M\u00f3viles tecnolog\u00eda LED\u00a0 Iluminaci\u00f3n LED de alto rendimiento Scaner de seguimiento Efectos especiales Maquina de Humo Puente Trasero y torres para la iluminaci\u00f3n delantera, etc. \u00a0ACTUACI\u00d3N Pases de\u00a02,5 horas y [&hellip;]<\/p>\n","protected":false},"author":1,"featured_media":0,"parent":0,"menu_order":7,"comment_status":"closed","ping_status":"closed","template":"","meta":{"footnotes":""},"class_list":["post-586","page","type-page","status-publish","hentry"],"_links":{"self":[{"href":"https:\/\/www.carmenmariysuacordeon.es\/index.php?rest_route=\/wp\/v2\/pages\/586","targetHints":{"allow":["GET"]}}],"collection":[{"href":"https:\/\/www.carmenmariysuacordeon.es\/index.php?rest_route=\/wp\/v2\/pages"}],"about":[{"href":"https:\/\/www.carmenmariysuacordeon.es\/index.php?rest_route=\/wp\/v2\/types\/page"}],"author":[{"embeddable":true,"href":"https:\/\/www.carmenmariysuacordeon.es\/index.php?rest_route=\/wp\/v2\/users\/1"}],"replies":[{"embeddable":true,"href":"https:\/\/www.carmenmariysuacordeon.es\/index.php?rest_route=%2Fwp%2Fv2%2Fcomments&post=586"}],"version-history":[{"count":58,"href":"https:\/\/www.carmenmariysuacordeon.es\/index.php?rest_route=\/wp\/v2\/pages\/586\/revisions"}],"predecessor-version":[{"id":1984,"href":"https:\/\/www.carmenmariysuacordeon.es\/index.php?rest_route=\/wp\/v2\/pages\/586\/revisions\/1984"}],"wp:attachment":[{"href":"https:\/\/www.carmenmariysuacordeon.es\/index.php?rest_route=%2Fwp%2Fv2%2Fmedia&parent=586"}],"curies":[{"name":"wp","href":"https:\/\/api.w.org\/{rel}","templated":true}]}}