{"id":708,"date":"2012-01-08T20:40:37","date_gmt":"2012-01-08T20:40:37","guid":{"rendered":"http:\/\/www.carmenmariysuacordeon.es\/?page_id=708"},"modified":"2015-09-10T10:23:18","modified_gmt":"2015-09-10T10:23:18","slug":"fotos-amigos","status":"publish","type":"page","link":"https:\/\/www.carmenmariysuacordeon.es\/?page_id=708","title":{"rendered":"Fotos con Amigos"},"content":{"rendered":"<address>\n<address>\n<address>\n<address><span style=\"color: #0000ff;\"><strong>MACARENA SOTO<\/strong><\/span><\/address>\n<p><span style=\"color: #000000;\">Finalista de \u00abSe llama copla\u00bb, compartimos una tarde agradable con ella.<\/span><\/p>\n<p><span style=\"color: #0000ff;\"><strong><a href=\"http:\/\/www.carmenmariysuacordeon.es\/wp-content\/uploads\/PPPPL.jpg\"><img loading=\"lazy\" decoding=\"async\" class=\"aligncenter size-medium wp-image-1735\" src=\"http:\/\/www.carmenmariysuacordeon.es\/wp-content\/uploads\/PPPPL-300x225.jpg\" alt=\"PPPPL\" width=\"300\" height=\"225\" srcset=\"https:\/\/www.carmenmariysuacordeon.es\/wp-content\/uploads\/PPPPL-300x225.jpg 300w, https:\/\/www.carmenmariysuacordeon.es\/wp-content\/uploads\/PPPPL-1024x768.jpg 1024w\" sizes=\"auto, (max-width: 300px) 100vw, 300px\" \/><\/a><\/strong><\/span><\/p>\n<\/address>\n<address><span style=\"color: #0000ff;\"><strong>TRIO AIRES NUEVOS<\/strong><\/span><\/address>\n<p><span style=\"color: #000000;\">Nuestros amigos granainos que aunque coincidimos muy poco, nos llevamos muy bien<\/span><\/p>\n<p><span style=\"color: #0000ff;\"><strong><a href=\"http:\/\/www.carmenmariysuacordeon.es\/wp-content\/uploads\/IMG_2819.jpg\"><img loading=\"lazy\" decoding=\"async\" class=\"aligncenter size-medium wp-image-1656\" src=\"http:\/\/www.carmenmariysuacordeon.es\/wp-content\/uploads\/IMG_2819-300x225.jpg\" alt=\"IMG_2819\" width=\"300\" height=\"225\" srcset=\"https:\/\/www.carmenmariysuacordeon.es\/wp-content\/uploads\/IMG_2819-300x225.jpg 300w, https:\/\/www.carmenmariysuacordeon.es\/wp-content\/uploads\/IMG_2819-1024x768.jpg 1024w\" sizes=\"auto, (max-width: 300px) 100vw, 300px\" \/><\/a><\/strong><\/span><\/p>\n<\/address>\n<address>\u00a0<span style=\"color: #0000ff;\"><strong>ORQUESTA AMBAR<\/strong><\/span><\/address>\n<p><span style=\"color: #000000;\">Los amigos de la Orquesta Ambar que no podemos decir nada mas que GRACIAS por vuestra predisposici\u00f3n a pasar una noche fant\u00e1stica con vosotros. Suerte amigos<img loading=\"lazy\" decoding=\"async\" class=\"aligncenter size-medium wp-image-1653\" src=\"http:\/\/www.carmenmariysuacordeon.es\/wp-content\/uploads\/IMG_1776-300x225.jpg\" alt=\"IMG_1776\" width=\"300\" height=\"225\" srcset=\"https:\/\/www.carmenmariysuacordeon.es\/wp-content\/uploads\/IMG_1776-300x225.jpg 300w, https:\/\/www.carmenmariysuacordeon.es\/wp-content\/uploads\/IMG_1776-1024x768.jpg 1024w\" sizes=\"auto, (max-width: 300px) 100vw, 300px\" \/><\/span><\/p>\n<p><span style=\"color: #0000ff;\"><strong>ANTONIO PADILLA ( El Padilla)<\/strong><\/span><\/p>\n<\/address>\n<p><span style=\"color: #000000;\">Un amigo y seguidor desde hace unos a\u00f1os junto a sus amigos de varios puntos de la geograf\u00eda almeriense que le puso ganas y se planto desde Albanchez a Senes para ver la actuaci\u00f3n. En la foto yo con cara de cansada y \u00e9l con cara de buena gente\u00a0Despu\u00e9s en el bar de Carmita (no en el Jes\u00fas jajaja), tomamos un aperitivo antes de irnos. Gracias Antonio y que todo te sea favorable.<\/span><\/p>\n<p><img loading=\"lazy\" decoding=\"async\" class=\"aligncenter size-large wp-image-1575\" src=\"http:\/\/www.carmenmariysuacordeon.es\/wp-content\/uploads\/IMG_1176-1024x768.jpg\" alt=\"IMG_1176\" width=\"300\" height=\"224\" srcset=\"https:\/\/www.carmenmariysuacordeon.es\/wp-content\/uploads\/IMG_1176-1024x768.jpg 1024w, https:\/\/www.carmenmariysuacordeon.es\/wp-content\/uploads\/IMG_1176-300x225.jpg 300w\" sizes=\"auto, (max-width: 300px) 100vw, 300px\" \/><\/p>\n<p style=\"text-align: center;\">\u00a0<span style=\"color: #000000;\">Gracias por tu visita<\/span><\/p>\n<address><strong><span style=\"color: #0000ff;\">SINTEM\u00a0<\/span><\/strong><\/address>\n<p><span style=\"color: #000000;\">Foto del duo Sintem con Carmen Mari en la actuaci\u00f3n que tuvimos el Sabado dia 12 de Mayo de 2012. en Alboloduy<\/span><\/p>\n<p><span style=\"color: #000000;\"><a href=\"http:\/\/www.carmenmariysuacordeon.es\/wp-content\/uploads\/IMG_0538.jpg\"><img loading=\"lazy\" decoding=\"async\" class=\"aligncenter size-medium wp-image-873\" title=\"IMG_0538\" src=\"http:\/\/www.carmenmariysuacordeon.es\/wp-content\/uploads\/IMG_0538-300x224.jpg\" alt=\"\" width=\"300\" height=\"224\" srcset=\"https:\/\/www.carmenmariysuacordeon.es\/wp-content\/uploads\/IMG_0538-300x224.jpg 300w, https:\/\/www.carmenmariysuacordeon.es\/wp-content\/uploads\/IMG_0538-1024x764.jpg 1024w\" sizes=\"auto, (max-width: 300px) 100vw, 300px\" \/><\/a><\/span><\/p>\n<p style=\"text-align: center;\"><span style=\"color: #000000;\">Suerte amigos para las proximas actuaciones.<\/span><\/p>\n<address><strong><span style=\"color: #0000ff;\">TRAVELIN BAND<\/span><\/strong><\/address>\n<p><span style=\"color: #000000;\">Mis amigos los ferroviarios, excelentes musicos y magnificas personas.<\/span><\/p>\n<p><a href=\"http:\/\/www.carmenmariysuacordeon.es\/wp-content\/uploads\/IMG_05641.jpg\"><img loading=\"lazy\" decoding=\"async\" class=\"aligncenter size-medium wp-image-944\" title=\"IMG_0564\" src=\"http:\/\/www.carmenmariysuacordeon.es\/wp-content\/uploads\/IMG_05641-300x224.jpg\" alt=\"\" width=\"300\" height=\"224\" srcset=\"https:\/\/www.carmenmariysuacordeon.es\/wp-content\/uploads\/IMG_05641-300x224.jpg 300w, https:\/\/www.carmenmariysuacordeon.es\/wp-content\/uploads\/IMG_05641-1024x764.jpg 1024w\" sizes=\"auto, (max-width: 300px) 100vw, 300px\" \/><\/a><\/p>\n<p style=\"text-align: center;\"><span style=\"color: #000000;\">\u00abNos vemos en los trenes y en los escenarios\u00bb<\/span><\/p>\n<address>\u00a0<\/address>\n<p>&nbsp;<\/p>\n<p style=\"text-align: center;\">\n","protected":false},"excerpt":{"rendered":"<p>MACARENA SOTO Finalista de \u00abSe llama copla\u00bb, compartimos una tarde agradable con ella. TRIO AIRES NUEVOS Nuestros amigos granainos que aunque coincidimos muy poco, nos llevamos muy bien \u00a0ORQUESTA AMBAR Los amigos de la Orquesta Ambar que no podemos decir nada mas que GRACIAS por vuestra predisposici\u00f3n a pasar una noche fant\u00e1stica con vosotros. Suerte [&hellip;]<\/p>\n","protected":false},"author":1,"featured_media":0,"parent":0,"menu_order":3,"comment_status":"closed","ping_status":"closed","template":"","meta":{"footnotes":""},"class_list":["post-708","page","type-page","status-publish","hentry"],"_links":{"self":[{"href":"https:\/\/www.carmenmariysuacordeon.es\/index.php?rest_route=\/wp\/v2\/pages\/708","targetHints":{"allow":["GET"]}}],"collection":[{"href":"https:\/\/www.carmenmariysuacordeon.es\/index.php?rest_route=\/wp\/v2\/pages"}],"about":[{"href":"https:\/\/www.carmenmariysuacordeon.es\/index.php?rest_route=\/wp\/v2\/types\/page"}],"author":[{"embeddable":true,"href":"https:\/\/www.carmenmariysuacordeon.es\/index.php?rest_route=\/wp\/v2\/users\/1"}],"replies":[{"embeddable":true,"href":"https:\/\/www.carmenmariysuacordeon.es\/index.php?rest_route=%2Fwp%2Fv2%2Fcomments&post=708"}],"version-history":[{"count":71,"href":"https:\/\/www.carmenmariysuacordeon.es\/index.php?rest_route=\/wp\/v2\/pages\/708\/revisions"}],"predecessor-version":[{"id":1736,"href":"https:\/\/www.carmenmariysuacordeon.es\/index.php?rest_route=\/wp\/v2\/pages\/708\/revisions\/1736"}],"wp:attachment":[{"href":"https:\/\/www.carmenmariysuacordeon.es\/index.php?rest_route=%2Fwp%2Fv2%2Fmedia&parent=708"}],"curies":[{"name":"wp","href":"https:\/\/api.w.org\/{rel}","templated":true}]}}